{"id":8,"date":"2016-07-17T16:54:05","date_gmt":"2016-07-17T14:54:05","guid":{"rendered":"http:\/\/www.adopte-un-rongeur.fr\/2016\/?page_id=8"},"modified":"2025-04-02T11:16:37","modified_gmt":"2025-04-02T09:16:37","slug":"fonctionnement-association","status":"publish","type":"page","link":"https:\/\/www.adopte-un-rongeur.fr\/asso\/lassociation\/fonctionnement-association\/","title":{"rendered":"Fonctionnement de l&rsquo;association"},"content":{"rendered":"\n<div class=\"wp-block-cover alignfull is-light sliderbox\" style=\"min-height:250px;aspect-ratio:unset;\"><span aria-hidden=\"true\" class=\"wp-block-cover__background has-background-dim-30 has-background-dim\" style=\"background-color:#90946a\"><\/span><img loading=\"lazy\" decoding=\"async\" width=\"2560\" height=\"1920\" class=\"wp-block-cover__image-background wp-image-1914\" alt=\"\" src=\"http:\/\/www.adopte-un-rongeur.fr\/asso\/wp-content\/uploads\/2025\/04\/A-4-Bescherelle-Bijou-Tornado-Larousse-Sunny-scaled.jpg\" style=\"object-position:48% 51%\" data-object-fit=\"cover\" data-object-position=\"48% 51%\" srcset=\"https:\/\/www.adopte-un-rongeur.fr\/asso\/wp-content\/uploads\/2025\/04\/A-4-Bescherelle-Bijou-Tornado-Larousse-Sunny-scaled.jpg 2560w, https:\/\/www.adopte-un-rongeur.fr\/asso\/wp-content\/uploads\/2025\/04\/A-4-Bescherelle-Bijou-Tornado-Larousse-Sunny-300x225.jpg 300w, https:\/\/www.adopte-un-rongeur.fr\/asso\/wp-content\/uploads\/2025\/04\/A-4-Bescherelle-Bijou-Tornado-Larousse-Sunny-1024x768.jpg 1024w, https:\/\/www.adopte-un-rongeur.fr\/asso\/wp-content\/uploads\/2025\/04\/A-4-Bescherelle-Bijou-Tornado-Larousse-Sunny-768x576.jpg 768w, https:\/\/www.adopte-un-rongeur.fr\/asso\/wp-content\/uploads\/2025\/04\/A-4-Bescherelle-Bijou-Tornado-Larousse-Sunny-1536x1152.jpg 1536w, https:\/\/www.adopte-un-rongeur.fr\/asso\/wp-content\/uploads\/2025\/04\/A-4-Bescherelle-Bijou-Tornado-Larousse-Sunny-2048x1536.jpg 2048w\" sizes=\"auto, (max-width: 2560px) 100vw, 2560px\" \/><div class=\"wp-block-cover__inner-container is-layout-flow wp-block-cover-is-layout-flow\">\n<div class=\"wp-block-columns alignwide mx-md-5 px-md-5 mx-0 is-layout-flex wp-container-core-columns-is-layout-9d6595d7 wp-block-columns-is-layout-flex\">\n<div class=\"wp-block-column is-vertically-aligned-center mx-5 is-layout-flow wp-block-column-is-layout-flow\">\n<h1 class=\"wp-block-heading has-text-align-center mb-0\" style=\"font-size:38px\"><strong>FONCTIONNEMENT<\/strong><\/h1>\n<\/div>\n<\/div>\n<\/div><\/div>\n\n\n\n<p class=\"has-medium-font-size\">Nous vous pr\u00e9sentons ici le fonctionnement de l&rsquo;association Adopte un Rongeur.<\/p>\n\n\n\n<h2 class=\"wp-block-heading has-luminous-vivid-orange-color has-text-color has-link-color wp-elements-d28219ab5411c5a9bcc95418ad606e44\">Le bureau<\/h2>\n\n\n\n<p class=\"has-medium-font-size\">s\u2019occupe de la gestion et de l\u2019administration de l\u2019Association en s\u2019appuyant sur les adh\u00e9rents et b\u00e9n\u00e9voles qui contribuent \u00e0 faire connaitre l\u2019Association et participent aux \u00e9v\u00e9nements (ventes, journ\u00e9es collectes, etc.).<\/p>\n\n\n\n<hr class=\"wp-block-separator has-alpha-channel-opacity\"\/>\n\n\n\n<h2 class=\"wp-block-heading has-luminous-vivid-orange-color has-text-color has-link-color wp-elements-b56976158925534e300198d26de0a0ef\">Le r\u00e9seau des Familles d&rsquo;Accueil<\/h2>\n\n\n\n<p class=\"has-medium-font-size\">lorsqu\u2019un nouvel animal arrive \u00e0 l\u2019Association, il est alors plac\u00e9 en Famille d\u2019Accueil, qui le soigne, le sociabilise puis se charge de lui trouver un foyer.<\/p>\n\n\n\n<hr class=\"wp-block-separator has-alpha-channel-opacity\"\/>\n\n\n\n<h2 class=\"wp-block-heading has-luminous-vivid-orange-color has-text-color has-link-color wp-elements-ea6f0dbc3b6164a8f98a535b32c165c6\">Le si\u00e8ge<\/h2>\n\n\n\n<p class=\"has-medium-font-size\">Le si\u00e8ge de l&rsquo;association se trouve en Basse-Normandie. Nos familles d&rsquo;accueil se trouvent en Basse-Normandie, en R\u00e9gion Parisienne et dans l&rsquo;Oise. Le lieu o\u00f9 se trouve chaque animal \u00e0 l&rsquo;adoption est pr\u00e9cis\u00e9 dans son annonce.<\/p>\n\n\n\n<hr class=\"wp-block-separator has-alpha-channel-opacity\"\/>\n\n\n\n<h2 class=\"wp-block-heading has-luminous-vivid-orange-color has-text-color has-link-color wp-elements-778f48735d6d0df9e2e462166884061c\">Les membres<\/h2>\n\n\n\n<p class=\"has-medium-font-size\">Tous les membres de l\u2019Association ont \u00e9galement un r\u00f4le tr\u00e8s important de conseil aupr\u00e8s :<\/p>\n\n\n\n<ul class=\"wp-block-list\">\n<li class=\"has-medium-font-size\">du grand public en faisant conna\u00eetre <strong>les possibilit\u00e9s d\u2019adoption<\/strong> ;<\/li>\n\n\n\n<li class=\"has-medium-font-size\">des propri\u00e9taires de cochon d\u2019Inde et hamster afin de les <strong>sensibiliser aux besoins de leurs animaux<\/strong><\/li>\n<\/ul>\n\n\n\n<hr class=\"wp-block-separator has-alpha-channel-opacity\"\/>\n\n\n\n<blockquote class=\"wp-block-quote is-layout-flow wp-block-quote-is-layout-flow\">\n<p class=\"has-medium-font-size\">Retrouvez les d\u00e9tails du fonctionnement dans les <a href=\"http:\/\/www.adopte-un-rongeur.fr\/IMG\/pdf\/Statuts_AdopteunRongeur.pdf\" target=\"_blank\" rel=\"noreferrer noopener\">Statuts<\/a> de Adopte-un-Rongeur.<\/p>\n<\/blockquote>\n","protected":false},"excerpt":{"rendered":"<p>Nous vous pr\u00e9sentons ici le fonctionnement de l&rsquo;association Adopte un Rongeur. Le bureau s\u2019occupe de la gestion et de l\u2019administration de l\u2019Association en s\u2019appuyant sur les adh\u00e9rents et b\u00e9n\u00e9voles qui contribuent \u00e0 faire connaitre l\u2019Association et participent aux \u00e9v\u00e9nements (ventes, journ\u00e9es collectes, etc.). Le r\u00e9seau des Familles d&rsquo;Accueil lorsqu\u2019un nouvel animal arrive \u00e0 l\u2019Association, il [&hellip;]<\/p>\n","protected":false},"author":1,"featured_media":0,"parent":6,"menu_order":0,"comment_status":"closed","ping_status":"closed","template":"","meta":{"footnotes":""},"class_list":["post-8","page","type-page","status-publish","hentry"],"_links":{"self":[{"href":"https:\/\/www.adopte-un-rongeur.fr\/asso\/wp-json\/wp\/v2\/pages\/8","targetHints":{"allow":["GET"]}}],"collection":[{"href":"https:\/\/www.adopte-un-rongeur.fr\/asso\/wp-json\/wp\/v2\/pages"}],"about":[{"href":"https:\/\/www.adopte-un-rongeur.fr\/asso\/wp-json\/wp\/v2\/types\/page"}],"author":[{"embeddable":true,"href":"https:\/\/www.adopte-un-rongeur.fr\/asso\/wp-json\/wp\/v2\/users\/1"}],"replies":[{"embeddable":true,"href":"https:\/\/www.adopte-un-rongeur.fr\/asso\/wp-json\/wp\/v2\/comments?post=8"}],"version-history":[{"count":24,"href":"https:\/\/www.adopte-un-rongeur.fr\/asso\/wp-json\/wp\/v2\/pages\/8\/revisions"}],"predecessor-version":[{"id":1935,"href":"https:\/\/www.adopte-un-rongeur.fr\/asso\/wp-json\/wp\/v2\/pages\/8\/revisions\/1935"}],"up":[{"embeddable":true,"href":"https:\/\/www.adopte-un-rongeur.fr\/asso\/wp-json\/wp\/v2\/pages\/6"}],"wp:attachment":[{"href":"https:\/\/www.adopte-un-rongeur.fr\/asso\/wp-json\/wp\/v2\/media?parent=8"}],"curies":[{"name":"wp","href":"https:\/\/api.w.org\/{rel}","templated":true}]}}