{"id":42,"date":"2016-07-17T17:18:45","date_gmt":"2016-07-17T15:18:45","guid":{"rendered":"http:\/\/www.adopte-un-rongeur.fr\/2016\/?page_id=42"},"modified":"2025-12-27T15:01:51","modified_gmt":"2025-12-27T14:01:51","slug":"cochon-dinde","status":"publish","type":"page","link":"https:\/\/www.adopte-un-rongeur.fr\/asso\/conseils\/cochon-dinde\/","title":{"rendered":"Conseils pour s&rsquo;occuper de ses cochons d\u2019Inde"},"content":{"rendered":"\n<div class=\"wp-block-cover alignfull is-light sliderbox\" style=\"min-height:250px;aspect-ratio:unset;\"><img loading=\"lazy\" decoding=\"async\" width=\"1500\" height=\"550\" class=\"wp-block-cover__image-background wp-image-1501\" alt=\"\" src=\"http:\/\/www.adopte-un-rongeur.fr\/asso\/wp-content\/uploads\/2025\/02\/banniere-trio.jpg\" data-object-fit=\"cover\" srcset=\"https:\/\/www.adopte-un-rongeur.fr\/asso\/wp-content\/uploads\/2025\/02\/banniere-trio.jpg 1500w, https:\/\/www.adopte-un-rongeur.fr\/asso\/wp-content\/uploads\/2025\/02\/banniere-trio-300x110.jpg 300w, https:\/\/www.adopte-un-rongeur.fr\/asso\/wp-content\/uploads\/2025\/02\/banniere-trio-1024x375.jpg 1024w, https:\/\/www.adopte-un-rongeur.fr\/asso\/wp-content\/uploads\/2025\/02\/banniere-trio-768x282.jpg 768w, https:\/\/www.adopte-un-rongeur.fr\/asso\/wp-content\/uploads\/2025\/02\/banniere-trio-600x220.jpg 600w\" sizes=\"auto, (max-width: 1500px) 100vw, 1500px\" \/><span aria-hidden=\"true\" class=\"wp-block-cover__background has-background-dim-30 has-background-dim\" style=\"background-color:#ab9381\"><\/span><div class=\"wp-block-cover__inner-container is-layout-flow wp-block-cover-is-layout-flow\">\n<div class=\"wp-block-columns alignwide mx-md-5 px-md-5 mx-0 is-layout-flex wp-container-core-columns-is-layout-9d6595d7 wp-block-columns-is-layout-flex\">\n<div class=\"wp-block-column is-vertically-aligned-center mx-5 is-layout-flow wp-block-column-is-layout-flow\">\n<h1 class=\"wp-block-heading has-text-align-center mb-0\" style=\"font-size:38px\"><strong>CONSEILS COCHONS D&rsquo;INDE<\/strong><\/h1>\n<\/div>\n<\/div>\n<\/div><\/div>\n\n\n\n<p class=\"has-medium-font-size\">La fiche ci-dessous r\u00e9sume nos recommandations pour bien accueillir votre cochon d\u2019Inde et lui offrir un environnement adapt\u00e9 :<\/p>\n\n\n\n<p><\/p>\n\n\n<div class=\"wp-block-image\">\n<figure class=\"aligncenter size-large is-resized\"><img loading=\"lazy\" decoding=\"async\" width=\"724\" height=\"1024\" src=\"http:\/\/www.adopte-un-rongeur.fr\/asso\/wp-content\/uploads\/2025\/12\/Fiche-conseils-chon-2025-724x1024.jpg\" alt=\"\" class=\"wp-image-2372\" style=\"width:724px;height:auto\" srcset=\"https:\/\/www.adopte-un-rongeur.fr\/asso\/wp-content\/uploads\/2025\/12\/Fiche-conseils-chon-2025-724x1024.jpg 724w, https:\/\/www.adopte-un-rongeur.fr\/asso\/wp-content\/uploads\/2025\/12\/Fiche-conseils-chon-2025-212x300.jpg 212w, https:\/\/www.adopte-un-rongeur.fr\/asso\/wp-content\/uploads\/2025\/12\/Fiche-conseils-chon-2025-768x1086.jpg 768w, https:\/\/www.adopte-un-rongeur.fr\/asso\/wp-content\/uploads\/2025\/12\/Fiche-conseils-chon-2025-1086x1536.jpg 1086w, https:\/\/www.adopte-un-rongeur.fr\/asso\/wp-content\/uploads\/2025\/12\/Fiche-conseils-chon-2025.jpg 1414w\" sizes=\"auto, (max-width: 724px) 100vw, 724px\" \/><\/figure>\n<\/div>\n\n\n<div class=\"wp-block-buttons is-content-justification-center is-layout-flex wp-container-core-buttons-is-layout-16018d1d wp-block-buttons-is-layout-flex\">\n<div class=\"wp-block-button\"><a class=\"wp-block-button__link has-text-align-center wp-element-button\" href=\"https:\/\/www.adopte-un-rongeur.fr\/asso\/wp-content\/uploads\/2025\/12\/Fiche-conseils-chon-2025.pdf\" target=\"_blank\" rel=\"noreferrer noopener\">T\u00e9l\u00e9charger la fiche en PDF<\/a><\/div>\n<\/div>\n\n\n\n<p class=\"has-medium-font-size\">Nous ne rentrerons pas plus dans les d\u00e9tails car de tr\u00e8s bons sites existent d\u00e9j\u00e0 pour les cochons d\u2019Inde. Nous vous recommandons notamment :<\/p>\n\n\n\n<ul class=\"wp-block-list\">\n<li>Site d&rsquo;information : <a href=\"http:\/\/www.cobayesclub.com\" target=\"_blank\" rel=\"noreferrer noopener\">http:\/\/www.cobayesclub.com <\/a><\/li>\n\n\n\n<li>Site d&rsquo;information : <a href=\"http:\/\/www.passioncobaye.com\/site\/\" target=\"_blank\" rel=\"noreferrer noopener\">http:\/\/www.passioncobaye.com\/site\/<\/a><\/li>\n\n\n\n<li>chaine Youtube StarCacahouette : <a href=\"https:\/\/www.youtube.com\/@Callipyge\">https:\/\/www.youtube.com\/@Callipyge<\/a> <\/li>\n<\/ul>\n\n\n\n<p class=\"has-medium-font-size\">et si vous avez des questions, n\u2019h\u00e9sitez pas \u00e0&nbsp;nous contacter : <a href=\"mailto:contact@adopte-un-rongeur.fr\">contact@adopte-un-rongeur.fr<\/a><\/p>\n\n\n\n<figure class=\"wp-block-gallery has-nested-images columns-default is-cropped wp-block-gallery-1 is-layout-flex wp-block-gallery-is-layout-flex\">\n<figure class=\"wp-block-image size-large\"><img loading=\"lazy\" decoding=\"async\" width=\"1000\" height=\"667\" data-id=\"1658\" src=\"https:\/\/www.adopte-un-rongeur.fr\/asso\/wp-content\/uploads\/2025\/02\/Luciole-dodo.jpg\" alt=\"\" class=\"wp-image-1658\" srcset=\"https:\/\/www.adopte-un-rongeur.fr\/asso\/wp-content\/uploads\/2025\/02\/Luciole-dodo.jpg 1000w, https:\/\/www.adopte-un-rongeur.fr\/asso\/wp-content\/uploads\/2025\/02\/Luciole-dodo-300x200.jpg 300w, https:\/\/www.adopte-un-rongeur.fr\/asso\/wp-content\/uploads\/2025\/02\/Luciole-dodo-768x512.jpg 768w, https:\/\/www.adopte-un-rongeur.fr\/asso\/wp-content\/uploads\/2025\/02\/Luciole-dodo-600x400.jpg 600w\" sizes=\"auto, (max-width: 1000px) 100vw, 1000px\" \/><figcaption class=\"wp-element-caption\">des dodos douillets<\/figcaption><\/figure>\n\n\n\n<figure class=\"wp-block-image size-large\"><img loading=\"lazy\" decoding=\"async\" width=\"1024\" height=\"521\" data-id=\"1879\" src=\"http:\/\/www.adopte-un-rongeur.fr\/asso\/wp-content\/uploads\/2025\/03\/reglisse-dragibus-adoption-e1743369570459-1024x521.jpg\" alt=\"\" class=\"wp-image-1879\" srcset=\"https:\/\/www.adopte-un-rongeur.fr\/asso\/wp-content\/uploads\/2025\/03\/reglisse-dragibus-adoption-e1743369570459-1024x521.jpg 1024w, https:\/\/www.adopte-un-rongeur.fr\/asso\/wp-content\/uploads\/2025\/03\/reglisse-dragibus-adoption-e1743369570459-300x153.jpg 300w, https:\/\/www.adopte-un-rongeur.fr\/asso\/wp-content\/uploads\/2025\/03\/reglisse-dragibus-adoption-e1743369570459-768x391.jpg 768w, https:\/\/www.adopte-un-rongeur.fr\/asso\/wp-content\/uploads\/2025\/03\/reglisse-dragibus-adoption-e1743369570459.jpg 1536w\" sizes=\"auto, (max-width: 1024px) 100vw, 1024px\" \/><figcaption class=\"wp-element-caption\">vie en parc<\/figcaption><\/figure>\n\n\n\n<figure class=\"wp-block-image size-large\"><img loading=\"lazy\" decoding=\"async\" width=\"1024\" height=\"577\" data-id=\"1802\" src=\"http:\/\/www.adopte-un-rongeur.fr\/asso\/wp-content\/uploads\/2025\/03\/skip-polka-1024x577.jpg\" alt=\"\" class=\"wp-image-1802\"\/><figcaption class=\"wp-element-caption\">du foin et des l\u00e9gumes frais<\/figcaption><\/figure>\n<\/figure>\n","protected":false},"excerpt":{"rendered":"<p>La fiche ci-dessous r\u00e9sume nos recommandations pour bien accueillir votre cochon d\u2019Inde et lui offrir un environnement adapt\u00e9 : Nous ne rentrerons pas plus dans les d\u00e9tails car de tr\u00e8s bons sites existent d\u00e9j\u00e0 pour les cochons d\u2019Inde. Nous vous recommandons notamment : et si vous avez des questions, n\u2019h\u00e9sitez pas \u00e0&nbsp;nous contacter : contact@adopte-un-rongeur.fr<\/p>\n","protected":false},"author":1,"featured_media":0,"parent":40,"menu_order":0,"comment_status":"closed","ping_status":"closed","template":"","meta":{"footnotes":""},"class_list":["post-42","page","type-page","status-publish","hentry"],"_links":{"self":[{"href":"https:\/\/www.adopte-un-rongeur.fr\/asso\/wp-json\/wp\/v2\/pages\/42","targetHints":{"allow":["GET"]}}],"collection":[{"href":"https:\/\/www.adopte-un-rongeur.fr\/asso\/wp-json\/wp\/v2\/pages"}],"about":[{"href":"https:\/\/www.adopte-un-rongeur.fr\/asso\/wp-json\/wp\/v2\/types\/page"}],"author":[{"embeddable":true,"href":"https:\/\/www.adopte-un-rongeur.fr\/asso\/wp-json\/wp\/v2\/users\/1"}],"replies":[{"embeddable":true,"href":"https:\/\/www.adopte-un-rongeur.fr\/asso\/wp-json\/wp\/v2\/comments?post=42"}],"version-history":[{"count":25,"href":"https:\/\/www.adopte-un-rongeur.fr\/asso\/wp-json\/wp\/v2\/pages\/42\/revisions"}],"predecessor-version":[{"id":2375,"href":"https:\/\/www.adopte-un-rongeur.fr\/asso\/wp-json\/wp\/v2\/pages\/42\/revisions\/2375"}],"up":[{"embeddable":true,"href":"https:\/\/www.adopte-un-rongeur.fr\/asso\/wp-json\/wp\/v2\/pages\/40"}],"wp:attachment":[{"href":"https:\/\/www.adopte-un-rongeur.fr\/asso\/wp-json\/wp\/v2\/media?parent=42"}],"curies":[{"name":"wp","href":"https:\/\/api.w.org\/{rel}","templated":true}]}}