{"id":29,"date":"2016-07-17T17:07:42","date_gmt":"2016-07-17T15:07:42","guid":{"rendered":"http:\/\/www.adopte-un-rongeur.fr\/2016\/?page_id=29"},"modified":"2025-04-02T09:36:49","modified_gmt":"2025-04-02T07:36:49","slug":"les-hamsters","status":"publish","type":"page","link":"https:\/\/www.adopte-un-rongeur.fr\/asso\/adoption\/les-hamsters\/","title":{"rendered":"Les hamsters \u00e0 l&rsquo;adoption"},"content":{"rendered":"\n<div class=\"wp-block-cover alignfull sliderbox\" style=\"min-height:250px;aspect-ratio:unset;\"><span aria-hidden=\"true\" class=\"wp-block-cover__background has-background-dim-30 has-background-dim\" style=\"background-color:#665045\"><\/span><img loading=\"lazy\" decoding=\"async\" width=\"1500\" height=\"550\" class=\"wp-block-cover__image-background wp-image-1377\" alt=\"\" src=\"http:\/\/www.adopte-un-rongeur.fr\/asso\/wp-content\/uploads\/2025\/02\/hamster5.jpg\" style=\"object-position:50% 38%\" data-object-fit=\"cover\" data-object-position=\"50% 38%\" srcset=\"https:\/\/www.adopte-un-rongeur.fr\/asso\/wp-content\/uploads\/2025\/02\/hamster5.jpg 1500w, https:\/\/www.adopte-un-rongeur.fr\/asso\/wp-content\/uploads\/2025\/02\/hamster5-300x110.jpg 300w, https:\/\/www.adopte-un-rongeur.fr\/asso\/wp-content\/uploads\/2025\/02\/hamster5-1024x375.jpg 1024w, https:\/\/www.adopte-un-rongeur.fr\/asso\/wp-content\/uploads\/2025\/02\/hamster5-768x282.jpg 768w, https:\/\/www.adopte-un-rongeur.fr\/asso\/wp-content\/uploads\/2025\/02\/hamster5-600x220.jpg 600w\" sizes=\"auto, (max-width: 1500px) 100vw, 1500px\" \/><div class=\"wp-block-cover__inner-container is-layout-flow wp-block-cover-is-layout-flow\">\n<div class=\"wp-block-columns alignwide mx-md-5 px-md-5 mx-0 is-layout-flex wp-container-core-columns-is-layout-9d6595d7 wp-block-columns-is-layout-flex\">\n<div class=\"wp-block-column is-vertically-aligned-center mx-5 is-layout-flow wp-block-column-is-layout-flow\">\n<h1 class=\"wp-block-heading has-text-align-center mb-0\" style=\"font-size:38px\"><strong>HAMSTERS A L&rsquo;ADOPTION<\/strong><\/h1>\n<\/div>\n<\/div>\n<\/div><\/div>\n\n\n\n<p class=\"has-medium-font-size\">Vous trouverez ici les annonces de tous les hamsters disponibles \u00e0 l\u2019adoption en r\u00e9gion parisienne (adoption possible en Normandie dans certains cas).<br><\/p>\n\n\n\n<div class=\"wp-block-group alignwide product-box my-5 mx-md-5 mx-0\"><div class=\"wp-block-group__inner-container is-layout-flow wp-block-group-is-layout-flow\">\n<h2 class=\"wp-block-heading has-text-align-left text-left mb-4\" style=\"font-size:25px\"><strong>ANNONCES DES HAMSTERS A L&rsquo;ADOPTION<\/strong><\/h2>\n<\/div><\/div>\n\n\n<ul class=\"wp-block-latest-posts__list is-grid columns-3 wp-block-latest-posts\"><li><div class=\"wp-block-latest-posts__featured-image aligncenter\"><img loading=\"lazy\" decoding=\"async\" width=\"150\" height=\"150\" src=\"https:\/\/www.adopte-un-rongeur.fr\/asso\/wp-content\/uploads\/2025\/12\/Milo3-2-e1765393296624-150x150.jpg\" class=\"attachment-thumbnail size-thumbnail wp-post-image\" alt=\"\" style=\"max-width:255px;max-height:255px;\" \/><\/div><a class=\"wp-block-latest-posts__post-title\" href=\"https:\/\/www.adopte-un-rongeur.fr\/asso\/milo-hamster-syrien-seine-et-marne-77\/\">MILO &#8211; Hamster syrien m\u00e2le n\u00e9 en ao\u00fbt 2025   -(Villeparisis 77)<\/a><\/li>\n<\/ul>\n\n\n<div class=\"wp-block-buttons is-content-justification-center is-layout-flex wp-container-core-buttons-is-layout-16018d1d wp-block-buttons-is-layout-flex\">\n<div class=\"wp-block-button\"><a class=\"wp-block-button__link wp-element-button\" href=\"https:\/\/www.adopte-un-rongeur.fr\/asso\/conseils\/conseils-hamsters\/\">Consultez notre fichier conseils sur les hamsters<\/a><\/div>\n<\/div>\n","protected":false},"excerpt":{"rendered":"<p>Vous trouverez ici les annonces de tous les hamsters disponibles \u00e0 l\u2019adoption en r\u00e9gion parisienne (adoption possible en Normandie dans certains cas). ANNONCES DES HAMSTERS A L&rsquo;ADOPTION<\/p>\n","protected":false},"author":1,"featured_media":0,"parent":25,"menu_order":0,"comment_status":"closed","ping_status":"closed","template":"","meta":{"footnotes":""},"class_list":["post-29","page","type-page","status-publish","hentry"],"_links":{"self":[{"href":"https:\/\/www.adopte-un-rongeur.fr\/asso\/wp-json\/wp\/v2\/pages\/29","targetHints":{"allow":["GET"]}}],"collection":[{"href":"https:\/\/www.adopte-un-rongeur.fr\/asso\/wp-json\/wp\/v2\/pages"}],"about":[{"href":"https:\/\/www.adopte-un-rongeur.fr\/asso\/wp-json\/wp\/v2\/types\/page"}],"author":[{"embeddable":true,"href":"https:\/\/www.adopte-un-rongeur.fr\/asso\/wp-json\/wp\/v2\/users\/1"}],"replies":[{"embeddable":true,"href":"https:\/\/www.adopte-un-rongeur.fr\/asso\/wp-json\/wp\/v2\/comments?post=29"}],"version-history":[{"count":133,"href":"https:\/\/www.adopte-un-rongeur.fr\/asso\/wp-json\/wp\/v2\/pages\/29\/revisions"}],"predecessor-version":[{"id":1898,"href":"https:\/\/www.adopte-un-rongeur.fr\/asso\/wp-json\/wp\/v2\/pages\/29\/revisions\/1898"}],"up":[{"embeddable":true,"href":"https:\/\/www.adopte-un-rongeur.fr\/asso\/wp-json\/wp\/v2\/pages\/25"}],"wp:attachment":[{"href":"https:\/\/www.adopte-un-rongeur.fr\/asso\/wp-json\/wp\/v2\/media?parent=29"}],"curies":[{"name":"wp","href":"https:\/\/api.w.org\/{rel}","templated":true}]}}