{"id":6,"date":"2016-07-17T16:53:26","date_gmt":"2016-07-17T14:53:26","guid":{"rendered":"http:\/\/www.adopte-un-rongeur.fr\/2016\/?page_id=6"},"modified":"2025-05-16T11:32:00","modified_gmt":"2025-05-16T09:32:00","slug":"lassociation","status":"publish","type":"page","link":"http:\/\/www.adopte-un-rongeur.fr\/asso\/lassociation\/","title":{"rendered":"L\u2019association Adopte un Rongeur"},"content":{"rendered":"\n<div class=\"wp-block-cover alignfull sliderbox\" style=\"min-height:250px;aspect-ratio:unset;\"><img loading=\"lazy\" decoding=\"async\" width=\"1500\" height=\"375\" class=\"wp-block-cover__image-background wp-image-1600\" alt=\"\" src=\"http:\/\/www.adopte-un-rongeur.fr\/asso\/wp-content\/uploads\/2025\/02\/cropped-471873913_1107046377536908_1969824943946887027_n.jpg\" data-object-fit=\"cover\" srcset=\"http:\/\/www.adopte-un-rongeur.fr\/asso\/wp-content\/uploads\/2025\/02\/cropped-471873913_1107046377536908_1969824943946887027_n.jpg 1500w, http:\/\/www.adopte-un-rongeur.fr\/asso\/wp-content\/uploads\/2025\/02\/cropped-471873913_1107046377536908_1969824943946887027_n-300x75.jpg 300w, http:\/\/www.adopte-un-rongeur.fr\/asso\/wp-content\/uploads\/2025\/02\/cropped-471873913_1107046377536908_1969824943946887027_n-1024x256.jpg 1024w, http:\/\/www.adopte-un-rongeur.fr\/asso\/wp-content\/uploads\/2025\/02\/cropped-471873913_1107046377536908_1969824943946887027_n-768x192.jpg 768w, http:\/\/www.adopte-un-rongeur.fr\/asso\/wp-content\/uploads\/2025\/02\/cropped-471873913_1107046377536908_1969824943946887027_n-600x150.jpg 600w\" sizes=\"auto, (max-width: 1500px) 100vw, 1500px\" \/><span aria-hidden=\"true\" class=\"wp-block-cover__background has-background-dim-30 has-background-dim\" style=\"background-color:#7f6f64\"><\/span><div class=\"wp-block-cover__inner-container is-layout-flow wp-block-cover-is-layout-flow\">\n<div class=\"wp-block-columns alignwide mx-md-5 px-md-5 mx-0 is-layout-flex wp-container-core-columns-is-layout-9d6595d7 wp-block-columns-is-layout-flex\">\n<div class=\"wp-block-column is-vertically-aligned-center mx-5 is-layout-flow wp-block-column-is-layout-flow\">\n<h1 class=\"wp-block-heading has-text-align-center mb-0\" style=\"font-size:38px\"><strong>L&rsquo;ASSOCIATION<\/strong><\/h1>\n<\/div>\n<\/div>\n<\/div><\/div>\n\n\n\n<p class=\"has-medium-font-size\">Adopte-un-Rongeur est une association de protection animale \u00e0 but non lucratif r\u00e9gie par la loi du 1<sup>er<\/sup> juillet 1901 et le d\u00e9cret du 16 ao\u00fbt 1901.<br>Adopte-un-Rongeur a pour objet de contribuer \u00e0 la protection des cochons d&rsquo;Inde et hamsters:<\/p>\n\n\n\n<ul class=\"wp-block-list has-medium-font-size\">\n<li> En informant le public sur la mani\u00e8re de bien s\u2019occuper de leurs animaux et sur la possibilit\u00e9 d\u2019en adopter aupr\u00e8s d\u2019associations et de refuges,<\/li>\n\n\n\n<li>En prenant en charge des cochons d&rsquo;Inde et hamsters abandonn\u00e9s, trouv\u00e9s ou perdus, afin de leur trouver une nouvelle famille<\/li>\n<\/ul>\n\n\n\n<p class=\"has-medium-font-size\"><\/p>\n\n\n\n<p class=\"has-medium-font-size\">N\u00b0 d\u00e9claration : W913005249<\/p>\n\n\n\n<p class=\"has-medium-font-size\">N\u00b0 SIRET : 88901213400017<\/p>\n\n\n\n<div style=\"height:100px\" aria-hidden=\"true\" class=\"wp-block-spacer\"><\/div>\n\n\n\n<h2 class=\"wp-block-heading has-text-align-center\">Apprenez-en plus avec nos vid\u00e9os de pr\u00e9sentation<\/h2>\n\n\n\n<p><\/p>\n\n\n\n<div class=\"wp-block-columns is-layout-flex wp-container-core-columns-is-layout-9d6595d7 wp-block-columns-is-layout-flex\">\n<div class=\"wp-block-column is-layout-flow wp-block-column-is-layout-flow\">\n<figure class=\"wp-block-embed is-type-video is-provider-youtube wp-block-embed-youtube wp-embed-aspect-4-3 wp-has-aspect-ratio\"><div class=\"wp-block-embed__wrapper\">\n<iframe loading=\"lazy\" title=\"10 ans de l&#039;association : les soins apport\u00e9s aux hamsters et cochons d&#039;Inde\" width=\"640\" height=\"480\" src=\"https:\/\/www.youtube.com\/embed\/WAxc5pXIJdM?feature=oembed\" frameborder=\"0\" allow=\"accelerometer; autoplay; clipboard-write; encrypted-media; gyroscope; picture-in-picture; web-share\" referrerpolicy=\"strict-origin-when-cross-origin\" allowfullscreen><\/iframe>\n<\/div><\/figure>\n<\/div>\n\n\n\n<div class=\"wp-block-column is-layout-flow wp-block-column-is-layout-flow\">\n<figure class=\"wp-block-embed is-type-video is-provider-youtube wp-block-embed-youtube wp-embed-aspect-4-3 wp-has-aspect-ratio\"><div class=\"wp-block-embed__wrapper\">\n<iframe loading=\"lazy\" title=\"Adopte un Rongeur f\u00eate ses 10 ans : r\u00e9trospective\" width=\"640\" height=\"480\" src=\"https:\/\/www.youtube.com\/embed\/yXCYEQ_AGJA?feature=oembed\" frameborder=\"0\" allow=\"accelerometer; autoplay; clipboard-write; encrypted-media; gyroscope; picture-in-picture; web-share\" referrerpolicy=\"strict-origin-when-cross-origin\" allowfullscreen><\/iframe>\n<\/div><\/figure>\n<\/div>\n\n\n\n<div class=\"wp-block-column is-layout-flow wp-block-column-is-layout-flow\">\n<figure class=\"wp-block-embed is-type-video is-provider-youtube wp-block-embed-youtube wp-embed-aspect-4-3 wp-has-aspect-ratio\"><div class=\"wp-block-embed__wrapper\">\n<iframe loading=\"lazy\" title=\"10 ans de l&#039;asso : les installations pour accueillir les animaux\" width=\"640\" height=\"480\" src=\"https:\/\/www.youtube.com\/embed\/PGPtciNS1-g?feature=oembed\" frameborder=\"0\" allow=\"accelerometer; autoplay; clipboard-write; encrypted-media; gyroscope; picture-in-picture; web-share\" referrerpolicy=\"strict-origin-when-cross-origin\" allowfullscreen><\/iframe>\n<\/div><\/figure>\n<\/div>\n<\/div>\n","protected":false},"excerpt":{"rendered":"<p>Adopte-un-Rongeur est une association de protection animale \u00e0 but non lucratif r\u00e9gie par la loi du 1er juillet 1901 et le d\u00e9cret du 16 ao\u00fbt 1901.Adopte-un-Rongeur a pour objet de contribuer \u00e0 la protection des cochons d&rsquo;Inde et hamsters: N\u00b0 d\u00e9claration : W913005249 N\u00b0 SIRET : 88901213400017 Apprenez-en plus avec nos vid\u00e9os de pr\u00e9sentation<\/p>\n","protected":false},"author":1,"featured_media":0,"parent":0,"menu_order":0,"comment_status":"closed","ping_status":"closed","template":"","meta":{"footnotes":""},"class_list":["post-6","page","type-page","status-publish","hentry"],"_links":{"self":[{"href":"http:\/\/www.adopte-un-rongeur.fr\/asso\/wp-json\/wp\/v2\/pages\/6","targetHints":{"allow":["GET"]}}],"collection":[{"href":"http:\/\/www.adopte-un-rongeur.fr\/asso\/wp-json\/wp\/v2\/pages"}],"about":[{"href":"http:\/\/www.adopte-un-rongeur.fr\/asso\/wp-json\/wp\/v2\/types\/page"}],"author":[{"embeddable":true,"href":"http:\/\/www.adopte-un-rongeur.fr\/asso\/wp-json\/wp\/v2\/users\/1"}],"replies":[{"embeddable":true,"href":"http:\/\/www.adopte-un-rongeur.fr\/asso\/wp-json\/wp\/v2\/comments?post=6"}],"version-history":[{"count":10,"href":"http:\/\/www.adopte-un-rongeur.fr\/asso\/wp-json\/wp\/v2\/pages\/6\/revisions"}],"predecessor-version":[{"id":2128,"href":"http:\/\/www.adopte-un-rongeur.fr\/asso\/wp-json\/wp\/v2\/pages\/6\/revisions\/2128"}],"wp:attachment":[{"href":"http:\/\/www.adopte-un-rongeur.fr\/asso\/wp-json\/wp\/v2\/media?parent=6"}],"curies":[{"name":"wp","href":"https:\/\/api.w.org\/{rel}","templated":true}]}}