{"id":33,"date":"2016-07-17T17:11:07","date_gmt":"2016-07-17T15:11:07","guid":{"rendered":"http:\/\/www.adopte-un-rongeur.fr\/2016\/?page_id=33"},"modified":"2025-04-02T09:35:59","modified_gmt":"2025-04-02T07:35:59","slug":"les-cochons-dinde","status":"publish","type":"page","link":"http:\/\/www.adopte-un-rongeur.fr\/asso\/adoption\/les-cochons-dinde\/","title":{"rendered":"Les cochons d\u2019Inde \u00e0 l&rsquo;adoption"},"content":{"rendered":"\n<div class=\"wp-block-cover alignfull sliderbox\" style=\"min-height:250px;aspect-ratio:unset;\"><span aria-hidden=\"true\" class=\"wp-block-cover__background has-background-dim-30 has-background-dim\" style=\"background-color:#5d5147\"><\/span><img loading=\"lazy\" decoding=\"async\" width=\"1500\" height=\"550\" class=\"wp-block-cover__image-background wp-image-1502\" alt=\"\" src=\"http:\/\/www.adopte-un-rongeur.fr\/asso\/wp-content\/uploads\/2025\/02\/banniere-trio2.jpg\" style=\"object-position:53% 54%\" data-object-fit=\"cover\" data-object-position=\"53% 54%\" srcset=\"http:\/\/www.adopte-un-rongeur.fr\/asso\/wp-content\/uploads\/2025\/02\/banniere-trio2.jpg 1500w, http:\/\/www.adopte-un-rongeur.fr\/asso\/wp-content\/uploads\/2025\/02\/banniere-trio2-300x110.jpg 300w, http:\/\/www.adopte-un-rongeur.fr\/asso\/wp-content\/uploads\/2025\/02\/banniere-trio2-1024x375.jpg 1024w, http:\/\/www.adopte-un-rongeur.fr\/asso\/wp-content\/uploads\/2025\/02\/banniere-trio2-768x282.jpg 768w, http:\/\/www.adopte-un-rongeur.fr\/asso\/wp-content\/uploads\/2025\/02\/banniere-trio2-600x220.jpg 600w\" sizes=\"auto, (max-width: 1500px) 100vw, 1500px\" \/><div class=\"wp-block-cover__inner-container is-layout-flow wp-block-cover-is-layout-flow\">\n<div class=\"wp-block-columns alignwide mx-md-5 px-md-5 mx-0 is-layout-flex wp-container-core-columns-is-layout-9d6595d7 wp-block-columns-is-layout-flex\">\n<div class=\"wp-block-column is-vertically-aligned-center mx-5 is-layout-flow wp-block-column-is-layout-flow\">\n<h1 class=\"wp-block-heading has-text-align-center mb-0\" style=\"font-size:38px\"><strong>COCHONS D&rsquo;INDE A L&rsquo;ADOPTION<\/strong><\/h1>\n<\/div>\n<\/div>\n<\/div><\/div>\n\n\n\n<p class=\"has-medium-font-size\">Vous trouverez ici les annonces de tous les cochons d\u2019Inde disponibles \u00e0 l\u2019adoption \u00e0 Paris et en r\u00e9gion parisienne, Normandie et Picardie (Oise et Aisne).<\/p>\n\n\n\n<div class=\"wp-block-group alignwide product-box my-5 mx-md-5 mx-0\"><div class=\"wp-block-group__inner-container is-layout-flow wp-block-group-is-layout-flow\">\n<h2 class=\"wp-block-heading has-text-align-left text-left mb-4\" style=\"font-size:25px\"><strong>ANNONCES DES COCHONS D&rsquo;INDE A L&rsquo;ADOPTION<\/strong><\/h2>\n<\/div><\/div>\n\n\n<ul class=\"wp-block-latest-posts__list is-grid columns-4 wp-block-latest-posts\"><li><div class=\"wp-block-latest-posts__featured-image aligncenter\"><img loading=\"lazy\" decoding=\"async\" width=\"300\" height=\"190\" src=\"http:\/\/www.adopte-un-rongeur.fr\/asso\/wp-content\/uploads\/2025\/12\/Lilie2-300x190.jpg\" class=\"attachment-medium size-medium wp-post-image\" alt=\"\" style=\"max-width:225px;max-height:225px;\" srcset=\"http:\/\/www.adopte-un-rongeur.fr\/asso\/wp-content\/uploads\/2025\/12\/Lilie2-300x190.jpg 300w, http:\/\/www.adopte-un-rongeur.fr\/asso\/wp-content\/uploads\/2025\/12\/Lilie2-1024x650.jpg 1024w, http:\/\/www.adopte-un-rongeur.fr\/asso\/wp-content\/uploads\/2025\/12\/Lilie2-768x488.jpg 768w, http:\/\/www.adopte-un-rongeur.fr\/asso\/wp-content\/uploads\/2025\/12\/Lilie2-1536x975.jpg 1536w, http:\/\/www.adopte-un-rongeur.fr\/asso\/wp-content\/uploads\/2025\/12\/Lilie2-2048x1300.jpg 2048w\" sizes=\"auto, (max-width: 300px) 100vw, 300px\" \/><\/div><a class=\"wp-block-latest-posts__post-title\" href=\"http:\/\/www.adopte-un-rongeur.fr\/asso\/lilie-cochon-dinde-femelle-sevran-paris\/\">Lilie, cochon d&rsquo;inde femelle n\u00e9e vers mi 2024 (Sevran, 93)<\/a><\/li>\n<li><div class=\"wp-block-latest-posts__featured-image aligncenter\"><img loading=\"lazy\" decoding=\"async\" width=\"300\" height=\"225\" src=\"http:\/\/www.adopte-un-rongeur.fr\/asso\/wp-content\/uploads\/2025\/12\/Mistral-1-300x225.jpg\" class=\"attachment-medium size-medium wp-post-image\" alt=\"\" style=\"max-width:225px;max-height:225px;\" srcset=\"http:\/\/www.adopte-un-rongeur.fr\/asso\/wp-content\/uploads\/2025\/12\/Mistral-1-300x225.jpg 300w, http:\/\/www.adopte-un-rongeur.fr\/asso\/wp-content\/uploads\/2025\/12\/Mistral-1-1024x768.jpg 1024w, http:\/\/www.adopte-un-rongeur.fr\/asso\/wp-content\/uploads\/2025\/12\/Mistral-1-768x576.jpg 768w, http:\/\/www.adopte-un-rongeur.fr\/asso\/wp-content\/uploads\/2025\/12\/Mistral-1-1536x1152.jpg 1536w, http:\/\/www.adopte-un-rongeur.fr\/asso\/wp-content\/uploads\/2025\/12\/Mistral-1-2048x1536.jpg 2048w\" sizes=\"auto, (max-width: 300px) 100vw, 300px\" \/><\/div><a class=\"wp-block-latest-posts__post-title\" href=\"http:\/\/www.adopte-un-rongeur.fr\/asso\/mistral-cochon-dinde-male-castre-caen-14\/\">Mistral, cochon d&rsquo;inde m\u00e2le castr\u00e9, n\u00e9 vers mi 2024 (St Pierre en Auge, 14)<\/a><\/li>\n<\/ul>\n\n\n<div class=\"wp-block-buttons is-content-justification-center is-layout-flex wp-container-core-buttons-is-layout-16018d1d wp-block-buttons-is-layout-flex\">\n<div class=\"wp-block-button\"><a class=\"wp-block-button__link wp-element-button\" href=\"https:\/\/www.adopte-un-rongeur.fr\/asso\/conseils\/cochon-dinde\/\">Consultez notre fichier conseils sur les cochons d&rsquo;Inde<\/a><\/div>\n<\/div>\n","protected":false},"excerpt":{"rendered":"<p>Vous trouverez ici les annonces de tous les cochons d\u2019Inde disponibles \u00e0 l\u2019adoption \u00e0 Paris et en r\u00e9gion parisienne, Normandie et Picardie (Oise et Aisne). ANNONCES DES COCHONS D&rsquo;INDE A L&rsquo;ADOPTION<\/p>\n","protected":false},"author":1,"featured_media":0,"parent":25,"menu_order":0,"comment_status":"closed","ping_status":"closed","template":"","meta":{"footnotes":""},"class_list":["post-33","page","type-page","status-publish","hentry"],"_links":{"self":[{"href":"http:\/\/www.adopte-un-rongeur.fr\/asso\/wp-json\/wp\/v2\/pages\/33","targetHints":{"allow":["GET"]}}],"collection":[{"href":"http:\/\/www.adopte-un-rongeur.fr\/asso\/wp-json\/wp\/v2\/pages"}],"about":[{"href":"http:\/\/www.adopte-un-rongeur.fr\/asso\/wp-json\/wp\/v2\/types\/page"}],"author":[{"embeddable":true,"href":"http:\/\/www.adopte-un-rongeur.fr\/asso\/wp-json\/wp\/v2\/users\/1"}],"replies":[{"embeddable":true,"href":"http:\/\/www.adopte-un-rongeur.fr\/asso\/wp-json\/wp\/v2\/comments?post=33"}],"version-history":[{"count":206,"href":"http:\/\/www.adopte-un-rongeur.fr\/asso\/wp-json\/wp\/v2\/pages\/33\/revisions"}],"predecessor-version":[{"id":1897,"href":"http:\/\/www.adopte-un-rongeur.fr\/asso\/wp-json\/wp\/v2\/pages\/33\/revisions\/1897"}],"up":[{"embeddable":true,"href":"http:\/\/www.adopte-un-rongeur.fr\/asso\/wp-json\/wp\/v2\/pages\/25"}],"wp:attachment":[{"href":"http:\/\/www.adopte-un-rongeur.fr\/asso\/wp-json\/wp\/v2\/media?parent=33"}],"curies":[{"name":"wp","href":"https:\/\/api.w.org\/{rel}","templated":true}]}}