{"id":25,"date":"2016-07-17T17:04:22","date_gmt":"2016-07-17T15:04:22","guid":{"rendered":"http:\/\/www.adopte-un-rongeur.fr\/2016\/?page_id=25"},"modified":"2025-08-19T16:08:24","modified_gmt":"2025-08-19T14:08:24","slug":"adoption","status":"publish","type":"page","link":"http:\/\/www.adopte-un-rongeur.fr\/asso\/adoption\/","title":{"rendered":"Adoption"},"content":{"rendered":"\n<div class=\"wp-block-cover alignfull is-light sliderbox\" style=\"min-height:250px;aspect-ratio:unset;\"><img loading=\"lazy\" decoding=\"async\" width=\"1024\" height=\"683\" class=\"wp-block-cover__image-background wp-image-1911 size-large\" alt=\"\" src=\"http:\/\/www.adopte-un-rongeur.fr\/asso\/wp-content\/uploads\/2025\/04\/05-Calinou-Praline-et-Crapule-1024x683.jpg\" style=\"object-position:51% 65%\" data-object-fit=\"cover\" data-object-position=\"51% 65%\" srcset=\"http:\/\/www.adopte-un-rongeur.fr\/asso\/wp-content\/uploads\/2025\/04\/05-Calinou-Praline-et-Crapule-1024x683.jpg 1024w, http:\/\/www.adopte-un-rongeur.fr\/asso\/wp-content\/uploads\/2025\/04\/05-Calinou-Praline-et-Crapule-300x200.jpg 300w, http:\/\/www.adopte-un-rongeur.fr\/asso\/wp-content\/uploads\/2025\/04\/05-Calinou-Praline-et-Crapule-768x512.jpg 768w, http:\/\/www.adopte-un-rongeur.fr\/asso\/wp-content\/uploads\/2025\/04\/05-Calinou-Praline-et-Crapule-1536x1024.jpg 1536w, http:\/\/www.adopte-un-rongeur.fr\/asso\/wp-content\/uploads\/2025\/04\/05-Calinou-Praline-et-Crapule-2048x1365.jpg 2048w\" sizes=\"auto, (max-width: 1024px) 100vw, 1024px\" \/><span aria-hidden=\"true\" class=\"wp-block-cover__background has-background-dim-30 has-background-dim\" style=\"background-color:#ad9090\"><\/span><div class=\"wp-block-cover__inner-container is-layout-flow wp-block-cover-is-layout-flow\">\n<div class=\"wp-block-columns alignwide mx-md-5 px-md-5 mx-0 is-layout-flex wp-container-core-columns-is-layout-9d6595d7 wp-block-columns-is-layout-flex\">\n<div class=\"wp-block-column is-vertically-aligned-center mx-5 is-layout-flow wp-block-column-is-layout-flow\">\n<h1 class=\"wp-block-heading has-text-align-center mb-0\" style=\"font-size:38px\">ADOPTER UN ANIMAL<\/h1>\n<\/div>\n<\/div>\n<\/div><\/div>\n\n\n\n<p class=\"has-medium-font-size\">Vous souhaitez adopter un cochon d&rsquo;Inde ou un hamster ?<\/p>\n\n\n\n<ul class=\"wp-block-list\">\n<li class=\"has-medium-font-size\">Vous retrouverez ci-dessous les animaux \u00e0 l\u2019adoption avec leurs fiches compl\u00e8tes.<\/li>\n\n\n\n<li class=\"has-medium-font-size\">Merci de consulter la page <a href=\"http:\/\/www.adopte-un-rongeur.fr\/asso\/conditions-dadoption\/\" target=\"_blank\" rel=\"noopener noreferrer\">d\u00e9marches d\u2019adoption<\/a> avant de nous contacter.<\/li>\n<\/ul>\n\n\n\n<div class=\"wp-block-group alignwide product-box my-5 mx-md-5 mx-0\"><div class=\"wp-block-group__inner-container is-layout-flow wp-block-group-is-layout-flow\">\n<h2 class=\"wp-block-heading has-text-align-left text-left mb-4\" style=\"font-size:25px\"><strong>HAMSTERS<\/strong><\/h2>\n\n\n<ul class=\"wp-block-latest-posts__list is-grid columns-3 wp-block-latest-posts\"><li><div class=\"wp-block-latest-posts__featured-image aligncenter\"><img loading=\"lazy\" decoding=\"async\" width=\"150\" height=\"150\" src=\"http:\/\/www.adopte-un-rongeur.fr\/asso\/wp-content\/uploads\/2025\/12\/Milo3-2-e1765393296624-150x150.jpg\" class=\"attachment-thumbnail size-thumbnail wp-post-image\" alt=\"\" style=\"max-width:150px;max-height:150px;\" \/><\/div><a class=\"wp-block-latest-posts__post-title\" href=\"http:\/\/www.adopte-un-rongeur.fr\/asso\/milo-hamster-syrien-seine-et-marne-77\/\">MILO &#8211; Hamster syrien m\u00e2le n\u00e9 en ao\u00fbt 2025   -(Villeparisis 77)<\/a><\/li>\n<\/ul><\/div><\/div>\n\n\n\n<div class=\"wp-block-group alignwide product-box my-5 mx-md-5 mx-0\"><div class=\"wp-block-group__inner-container is-layout-flow wp-block-group-is-layout-flow\">\n<h2 class=\"wp-block-heading has-text-align-left text-left mb-4\" style=\"font-size:25px\"><strong>COCHONS D&rsquo;INDE<\/strong><\/h2>\n\n\n<ul class=\"wp-block-latest-posts__list is-grid columns-4 wp-block-latest-posts\"><li><div class=\"wp-block-latest-posts__featured-image aligncenter\"><img loading=\"lazy\" decoding=\"async\" width=\"150\" height=\"150\" src=\"http:\/\/www.adopte-un-rongeur.fr\/asso\/wp-content\/uploads\/2025\/12\/Lilie2-150x150.jpg\" class=\"attachment-thumbnail size-thumbnail wp-post-image\" alt=\"\" style=\"max-width:150px;max-height:150px;\" \/><\/div><a class=\"wp-block-latest-posts__post-title\" href=\"http:\/\/www.adopte-un-rongeur.fr\/asso\/lilie-cochon-dinde-femelle-sevran-paris\/\">Lilie, cochon d&rsquo;inde femelle n\u00e9e vers mi 2024 (Sevran, 93)<\/a><\/li>\n<li><div class=\"wp-block-latest-posts__featured-image aligncenter\"><img loading=\"lazy\" decoding=\"async\" width=\"150\" height=\"150\" src=\"http:\/\/www.adopte-un-rongeur.fr\/asso\/wp-content\/uploads\/2025\/12\/Mistral-1-150x150.jpg\" class=\"attachment-thumbnail size-thumbnail wp-post-image\" alt=\"\" style=\"max-width:150px;max-height:150px;\" \/><\/div><a class=\"wp-block-latest-posts__post-title\" href=\"http:\/\/www.adopte-un-rongeur.fr\/asso\/mistral-cochon-dinde-male-castre-caen-14\/\">Mistral, cochon d&rsquo;inde m\u00e2le castr\u00e9, n\u00e9 vers mi 2024 (St Pierre en Auge, 14)<\/a><\/li>\n<\/ul><\/div><\/div>\n\n\n\n<p><\/p>\n","protected":false},"excerpt":{"rendered":"<p>Vous souhaitez adopter un cochon d&rsquo;Inde ou un hamster ? HAMSTERS COCHONS D&rsquo;INDE<\/p>\n","protected":false},"author":1,"featured_media":0,"parent":0,"menu_order":0,"comment_status":"closed","ping_status":"closed","template":"","meta":{"footnotes":""},"class_list":["post-25","page","type-page","status-publish","hentry"],"_links":{"self":[{"href":"http:\/\/www.adopte-un-rongeur.fr\/asso\/wp-json\/wp\/v2\/pages\/25","targetHints":{"allow":["GET"]}}],"collection":[{"href":"http:\/\/www.adopte-un-rongeur.fr\/asso\/wp-json\/wp\/v2\/pages"}],"about":[{"href":"http:\/\/www.adopte-un-rongeur.fr\/asso\/wp-json\/wp\/v2\/types\/page"}],"author":[{"embeddable":true,"href":"http:\/\/www.adopte-un-rongeur.fr\/asso\/wp-json\/wp\/v2\/users\/1"}],"replies":[{"embeddable":true,"href":"http:\/\/www.adopte-un-rongeur.fr\/asso\/wp-json\/wp\/v2\/comments?post=25"}],"version-history":[{"count":16,"href":"http:\/\/www.adopte-un-rongeur.fr\/asso\/wp-json\/wp\/v2\/pages\/25\/revisions"}],"predecessor-version":[{"id":2185,"href":"http:\/\/www.adopte-un-rongeur.fr\/asso\/wp-json\/wp\/v2\/pages\/25\/revisions\/2185"}],"wp:attachment":[{"href":"http:\/\/www.adopte-un-rongeur.fr\/asso\/wp-json\/wp\/v2\/media?parent=25"}],"curies":[{"name":"wp","href":"https:\/\/api.w.org\/{rel}","templated":true}]}}