{"id":2257,"date":"2025-10-12T14:27:55","date_gmt":"2025-10-12T12:27:55","guid":{"rendered":"https:\/\/www.adopte-un-rongeur.fr\/asso\/?page_id=2257"},"modified":"2025-10-12T14:49:50","modified_gmt":"2025-10-12T12:49:50","slug":"boutique-helloasso","status":"publish","type":"page","link":"http:\/\/www.adopte-un-rongeur.fr\/asso\/nous-aider\/boutique-helloasso\/","title":{"rendered":"Boutiques HelloAsso"},"content":{"rendered":"\n<div class=\"wp-block-cover alignfull is-light sliderbox\" style=\"min-height:250px;aspect-ratio:unset;\"><img loading=\"lazy\" decoding=\"async\" width=\"1024\" height=\"683\" class=\"wp-block-cover__image-background wp-image-1911 size-large\" alt=\"\" src=\"http:\/\/www.adopte-un-rongeur.fr\/asso\/wp-content\/uploads\/2025\/04\/05-Calinou-Praline-et-Crapule-1024x683.jpg\" style=\"object-position:46% 64%\" data-object-fit=\"cover\" data-object-position=\"46% 64%\" srcset=\"http:\/\/www.adopte-un-rongeur.fr\/asso\/wp-content\/uploads\/2025\/04\/05-Calinou-Praline-et-Crapule-1024x683.jpg 1024w, http:\/\/www.adopte-un-rongeur.fr\/asso\/wp-content\/uploads\/2025\/04\/05-Calinou-Praline-et-Crapule-300x200.jpg 300w, http:\/\/www.adopte-un-rongeur.fr\/asso\/wp-content\/uploads\/2025\/04\/05-Calinou-Praline-et-Crapule-768x512.jpg 768w, http:\/\/www.adopte-un-rongeur.fr\/asso\/wp-content\/uploads\/2025\/04\/05-Calinou-Praline-et-Crapule-1536x1024.jpg 1536w, http:\/\/www.adopte-un-rongeur.fr\/asso\/wp-content\/uploads\/2025\/04\/05-Calinou-Praline-et-Crapule-2048x1365.jpg 2048w\" sizes=\"auto, (max-width: 1024px) 100vw, 1024px\" \/><span aria-hidden=\"true\" class=\"wp-block-cover__background has-background-dim-30 has-background-dim\" style=\"background-color:#ad9090\"><\/span><div class=\"wp-block-cover__inner-container is-layout-flow wp-block-cover-is-layout-flow\">\n<div class=\"wp-block-columns alignwide mx-md-5 px-md-5 mx-0 is-layout-flex wp-container-core-columns-is-layout-9d6595d7 wp-block-columns-is-layout-flex\">\n<div class=\"wp-block-column is-vertically-aligned-center mx-5 is-layout-flow wp-block-column-is-layout-flow\">\n<h1 class=\"wp-block-heading has-text-align-center mb-0\" style=\"font-size:38px\"><strong>BOUTIQUES HELLOASSO<\/strong><\/h1>\n<\/div>\n<\/div>\n<\/div><\/div>\n\n\n\n<p>Vous pouvez nous aider en achetant sur nos boutiques HelloAsso, pour vos animaux ou pour vous.<\/p>\n\n\n\n<div class=\"wp-block-columns is-layout-flex wp-container-core-columns-is-layout-9d6595d7 wp-block-columns-is-layout-flex\">\n<div class=\"wp-block-column is-layout-flow wp-block-column-is-layout-flow\">\n<figure class=\"wp-block-image size-full\"><img loading=\"lazy\" decoding=\"async\" width=\"1200\" height=\"896\" src=\"https:\/\/www.adopte-un-rongeur.fr\/asso\/wp-content\/uploads\/2025\/10\/ha-dodo.jpg\" alt=\"\" class=\"wp-image-2261\" srcset=\"http:\/\/www.adopte-un-rongeur.fr\/asso\/wp-content\/uploads\/2025\/10\/ha-dodo.jpg 1200w, http:\/\/www.adopte-un-rongeur.fr\/asso\/wp-content\/uploads\/2025\/10\/ha-dodo-300x224.jpg 300w, http:\/\/www.adopte-un-rongeur.fr\/asso\/wp-content\/uploads\/2025\/10\/ha-dodo-1024x765.jpg 1024w, http:\/\/www.adopte-un-rongeur.fr\/asso\/wp-content\/uploads\/2025\/10\/ha-dodo-768x573.jpg 768w\" sizes=\"auto, (max-width: 1200px) 100vw, 1200px\" \/><\/figure>\n\n\n\n<h2 class=\"wp-block-heading\">Dodos pour cochon d&rsquo;Inde<\/h2>\n\n\n\n<p>Nos b\u00e9n\u00e9voles con\u00e7oivent des dodos pour vos cochons d&rsquo;Inde (corbeille, poche, tunnel, coussin, oreiller&#8230;).<\/p>\n\n\n\n<p>Acheter vos dodos sur notre boutique, c&rsquo;est faire plaisir \u00e0 vos animaux et aider l&rsquo;association.<\/p>\n\n\n\n<div class=\"wp-block-buttons is-content-justification-center is-layout-flex wp-container-core-buttons-is-layout-16018d1d wp-block-buttons-is-layout-flex\">\n<div class=\"wp-block-button\"><a class=\"wp-block-button__link wp-element-button\" href=\"https:\/\/www.helloasso.com\/associations\/adopte-un-rongeur\/boutiques\/dodos-pour-cochons-d-inde\" target=\"_blank\" rel=\"noreferrer noopener\">Boutique dodos<\/a><\/div>\n<\/div>\n<\/div>\n\n\n\n<div class=\"wp-block-column is-layout-flow wp-block-column-is-layout-flow\">\n<figure class=\"wp-block-image size-large\"><img loading=\"lazy\" decoding=\"async\" width=\"1024\" height=\"765\" src=\"https:\/\/www.adopte-un-rongeur.fr\/asso\/wp-content\/uploads\/2025\/10\/ha-creations-1024x765.jpg\" alt=\"\" class=\"wp-image-2263\" srcset=\"http:\/\/www.adopte-un-rongeur.fr\/asso\/wp-content\/uploads\/2025\/10\/ha-creations-1024x765.jpg 1024w, http:\/\/www.adopte-un-rongeur.fr\/asso\/wp-content\/uploads\/2025\/10\/ha-creations-300x224.jpg 300w, http:\/\/www.adopte-un-rongeur.fr\/asso\/wp-content\/uploads\/2025\/10\/ha-creations-768x573.jpg 768w, http:\/\/www.adopte-un-rongeur.fr\/asso\/wp-content\/uploads\/2025\/10\/ha-creations.jpg 1200w\" sizes=\"auto, (max-width: 1024px) 100vw, 1024px\" \/><\/figure>\n\n\n\n<h2 class=\"wp-block-heading\">Cr\u00e9ations des b\u00e9n\u00e9voles<\/h2>\n\n\n\n<p>Nos b\u00e9n\u00e9voles mettent \u00e0 contribution leur talent pour proposer de jolies cr\u00e9ations : bijoux, cartes de voeux, bonnets, objets de d\u00e9coration&#8230;<\/p>\n\n\n\n<p>Des id\u00e9es cadeaux, pour offrir ou vous faire plaisir tout en soutenant notre association.<\/p>\n\n\n\n<div class=\"wp-block-buttons is-content-justification-center is-layout-flex wp-container-core-buttons-is-layout-16018d1d wp-block-buttons-is-layout-flex\">\n<div class=\"wp-block-button\"><a class=\"wp-block-button__link wp-element-button\" href=\"https:\/\/www.helloasso.com\/associations\/adopte-un-rongeur\/boutiques\/creations-de-nos-benevoles\" target=\"_blank\" rel=\"noreferrer noopener\">Boutique cr\u00e9ations<\/a><\/div>\n<\/div>\n<\/div>\n<\/div>\n","protected":false},"excerpt":{"rendered":"<p>Vous pouvez nous aider en achetant sur nos boutiques HelloAsso, pour vos animaux ou pour vous. Dodos pour cochon d&rsquo;Inde Nos b\u00e9n\u00e9voles con\u00e7oivent des dodos pour vos cochons d&rsquo;Inde (corbeille, poche, tunnel, coussin, oreiller&#8230;). Acheter vos dodos sur notre boutique, c&rsquo;est faire plaisir \u00e0 vos animaux et aider l&rsquo;association. Cr\u00e9ations des b\u00e9n\u00e9voles Nos b\u00e9n\u00e9voles mettent [&hellip;]<\/p>\n","protected":false},"author":4,"featured_media":0,"parent":14,"menu_order":0,"comment_status":"closed","ping_status":"closed","template":"","meta":{"footnotes":""},"class_list":["post-2257","page","type-page","status-publish","hentry"],"_links":{"self":[{"href":"http:\/\/www.adopte-un-rongeur.fr\/asso\/wp-json\/wp\/v2\/pages\/2257","targetHints":{"allow":["GET"]}}],"collection":[{"href":"http:\/\/www.adopte-un-rongeur.fr\/asso\/wp-json\/wp\/v2\/pages"}],"about":[{"href":"http:\/\/www.adopte-un-rongeur.fr\/asso\/wp-json\/wp\/v2\/types\/page"}],"author":[{"embeddable":true,"href":"http:\/\/www.adopte-un-rongeur.fr\/asso\/wp-json\/wp\/v2\/users\/4"}],"replies":[{"embeddable":true,"href":"http:\/\/www.adopte-un-rongeur.fr\/asso\/wp-json\/wp\/v2\/comments?post=2257"}],"version-history":[{"count":8,"href":"http:\/\/www.adopte-un-rongeur.fr\/asso\/wp-json\/wp\/v2\/pages\/2257\/revisions"}],"predecessor-version":[{"id":2274,"href":"http:\/\/www.adopte-un-rongeur.fr\/asso\/wp-json\/wp\/v2\/pages\/2257\/revisions\/2274"}],"up":[{"embeddable":true,"href":"http:\/\/www.adopte-un-rongeur.fr\/asso\/wp-json\/wp\/v2\/pages\/14"}],"wp:attachment":[{"href":"http:\/\/www.adopte-un-rongeur.fr\/asso\/wp-json\/wp\/v2\/media?parent=2257"}],"curies":[{"name":"wp","href":"https:\/\/api.w.org\/{rel}","templated":true}]}}