{"id":21,"date":"2016-07-17T17:02:54","date_gmt":"2016-07-17T15:02:54","guid":{"rendered":"http:\/\/www.adopte-un-rongeur.fr\/2016\/?page_id=21"},"modified":"2025-04-02T11:30:17","modified_gmt":"2025-04-02T09:30:17","slug":"devenir-famille-daccueil","status":"publish","type":"page","link":"http:\/\/www.adopte-un-rongeur.fr\/asso\/nous-aider\/devenir-famille-daccueil\/","title":{"rendered":"Devenir Famille d\u2019Accueil"},"content":{"rendered":"\n<div class=\"wp-block-cover alignfull sliderbox\" style=\"min-height:250px;aspect-ratio:unset;\"><span aria-hidden=\"true\" class=\"wp-block-cover__background has-background-dim-30 has-background-dim\" style=\"background-color:#494630\"><\/span><img loading=\"lazy\" decoding=\"async\" width=\"2560\" height=\"1709\" class=\"wp-block-cover__image-background wp-image-1909\" alt=\"\" src=\"http:\/\/www.adopte-un-rongeur.fr\/asso\/wp-content\/uploads\/2025\/04\/site-4-scaled.jpg\" style=\"object-position:52% 45%\" data-object-fit=\"cover\" data-object-position=\"52% 45%\" srcset=\"http:\/\/www.adopte-un-rongeur.fr\/asso\/wp-content\/uploads\/2025\/04\/site-4-scaled.jpg 2560w, http:\/\/www.adopte-un-rongeur.fr\/asso\/wp-content\/uploads\/2025\/04\/site-4-300x200.jpg 300w, http:\/\/www.adopte-un-rongeur.fr\/asso\/wp-content\/uploads\/2025\/04\/site-4-1024x684.jpg 1024w, http:\/\/www.adopte-un-rongeur.fr\/asso\/wp-content\/uploads\/2025\/04\/site-4-768x513.jpg 768w, http:\/\/www.adopte-un-rongeur.fr\/asso\/wp-content\/uploads\/2025\/04\/site-4-1536x1025.jpg 1536w, http:\/\/www.adopte-un-rongeur.fr\/asso\/wp-content\/uploads\/2025\/04\/site-4-2048x1367.jpg 2048w\" sizes=\"auto, (max-width: 2560px) 100vw, 2560px\" \/><div class=\"wp-block-cover__inner-container is-layout-flow wp-block-cover-is-layout-flow\">\n<div class=\"wp-block-columns alignwide mx-md-5 px-md-5 mx-0 is-layout-flex wp-container-core-columns-is-layout-9d6595d7 wp-block-columns-is-layout-flex\">\n<div class=\"wp-block-column is-vertically-aligned-center mx-5 is-layout-flow wp-block-column-is-layout-flow\">\n<h1 class=\"wp-block-heading has-text-align-center mb-0\" style=\"font-size:38px\"><strong>DEVENIR FAMILLE D&rsquo;ACCUEIL<\/strong><\/h1>\n<\/div>\n<\/div>\n<\/div><\/div>\n\n\n\n<p class=\"has-medium-font-size\"><\/p>\n\n\n\n<div class=\"wp-block-media-text is-stacked-on-mobile is-vertically-aligned-center\" style=\"grid-template-columns:32% auto\"><figure class=\"wp-block-media-text__media\"><img loading=\"lazy\" decoding=\"async\" width=\"500\" height=\"500\" src=\"http:\/\/www.adopte-un-rongeur.fr\/asso\/wp-content\/uploads\/2025\/02\/adopte.jpg\" alt=\"\" class=\"wp-image-1697 size-full\" srcset=\"http:\/\/www.adopte-un-rongeur.fr\/asso\/wp-content\/uploads\/2025\/02\/adopte.jpg 500w, http:\/\/www.adopte-un-rongeur.fr\/asso\/wp-content\/uploads\/2025\/02\/adopte-300x300.jpg 300w, http:\/\/www.adopte-un-rongeur.fr\/asso\/wp-content\/uploads\/2025\/02\/adopte-150x150.jpg 150w, http:\/\/www.adopte-un-rongeur.fr\/asso\/wp-content\/uploads\/2025\/02\/adopte-100x100.jpg 100w\" sizes=\"auto, (max-width: 500px) 100vw, 500px\" \/><\/figure><div class=\"wp-block-media-text__content\">\n<p class=\"has-medium-font-size\">Vous souhaitez vous proposer comme famille d&rsquo;accueil ? <\/p>\n\n\n\n<p class=\"has-medium-font-size\">N&rsquo;h\u00e9sitez pas \u00e0 nous contacter, nous vous inviterons \u00e0 nous rejoindre d&rsquo;abord comme <strong>adh\u00e9rent et\/ou b\u00e9n\u00e9vole<\/strong> afin de mieux se connaitre et de vous pr\u00e9senter l&rsquo;association.<br>Par email : contact@adopte-un-rongeur.fr<\/p>\n\n\n\n<div class=\"wp-block-buttons is-content-justification-center is-layout-flex wp-container-core-buttons-is-layout-16018d1d wp-block-buttons-is-layout-flex\">\n<div class=\"wp-block-button\"><a class=\"wp-block-button__link wp-element-button\" href=\"https:\/\/www.adopte-un-rongeur.fr\/asso\/nous-aider\/adherer\/\">Devenir adh\u00e9rent<\/a><\/div>\n<\/div>\n<\/div><\/div>\n\n\n\n<p><\/p>\n","protected":false},"excerpt":{"rendered":"","protected":false},"author":1,"featured_media":0,"parent":14,"menu_order":0,"comment_status":"closed","ping_status":"closed","template":"","meta":{"footnotes":""},"class_list":["post-21","page","type-page","status-publish","hentry"],"_links":{"self":[{"href":"http:\/\/www.adopte-un-rongeur.fr\/asso\/wp-json\/wp\/v2\/pages\/21","targetHints":{"allow":["GET"]}}],"collection":[{"href":"http:\/\/www.adopte-un-rongeur.fr\/asso\/wp-json\/wp\/v2\/pages"}],"about":[{"href":"http:\/\/www.adopte-un-rongeur.fr\/asso\/wp-json\/wp\/v2\/types\/page"}],"author":[{"embeddable":true,"href":"http:\/\/www.adopte-un-rongeur.fr\/asso\/wp-json\/wp\/v2\/users\/1"}],"replies":[{"embeddable":true,"href":"http:\/\/www.adopte-un-rongeur.fr\/asso\/wp-json\/wp\/v2\/comments?post=21"}],"version-history":[{"count":32,"href":"http:\/\/www.adopte-un-rongeur.fr\/asso\/wp-json\/wp\/v2\/pages\/21\/revisions"}],"predecessor-version":[{"id":1957,"href":"http:\/\/www.adopte-un-rongeur.fr\/asso\/wp-json\/wp\/v2\/pages\/21\/revisions\/1957"}],"up":[{"embeddable":true,"href":"http:\/\/www.adopte-un-rongeur.fr\/asso\/wp-json\/wp\/v2\/pages\/14"}],"wp:attachment":[{"href":"http:\/\/www.adopte-un-rongeur.fr\/asso\/wp-json\/wp\/v2\/media?parent=21"}],"curies":[{"name":"wp","href":"https:\/\/api.w.org\/{rel}","templated":true}]}}