{"id":12,"date":"2016-07-17T16:57:13","date_gmt":"2016-07-17T14:57:13","guid":{"rendered":"http:\/\/www.adopte-un-rongeur.fr\/2016\/?page_id=12"},"modified":"2026-04-12T22:44:53","modified_gmt":"2026-04-12T20:44:53","slug":"documents-a-telecharger","status":"publish","type":"page","link":"http:\/\/www.adopte-un-rongeur.fr\/asso\/lassociation\/documents-a-telecharger\/","title":{"rendered":"Documents \u00e0 t\u00e9l\u00e9charger"},"content":{"rendered":"\n<div class=\"wp-block-cover alignfull is-light sliderbox\" style=\"min-height:250px;aspect-ratio:unset;\"><img loading=\"lazy\" decoding=\"async\" width=\"2560\" height=\"1653\" class=\"wp-block-cover__image-background wp-image-1913\" alt=\"\" src=\"http:\/\/www.adopte-un-rongeur.fr\/asso\/wp-content\/uploads\/2025\/04\/08-Titou-scaled.jpg\" style=\"object-position:52% 43%\" data-object-fit=\"cover\" data-object-position=\"52% 43%\" srcset=\"http:\/\/www.adopte-un-rongeur.fr\/asso\/wp-content\/uploads\/2025\/04\/08-Titou-scaled.jpg 2560w, http:\/\/www.adopte-un-rongeur.fr\/asso\/wp-content\/uploads\/2025\/04\/08-Titou-300x194.jpg 300w, http:\/\/www.adopte-un-rongeur.fr\/asso\/wp-content\/uploads\/2025\/04\/08-Titou-1024x661.jpg 1024w, http:\/\/www.adopte-un-rongeur.fr\/asso\/wp-content\/uploads\/2025\/04\/08-Titou-768x496.jpg 768w, http:\/\/www.adopte-un-rongeur.fr\/asso\/wp-content\/uploads\/2025\/04\/08-Titou-1536x992.jpg 1536w, http:\/\/www.adopte-un-rongeur.fr\/asso\/wp-content\/uploads\/2025\/04\/08-Titou-2048x1323.jpg 2048w\" sizes=\"auto, (max-width: 2560px) 100vw, 2560px\" \/><span aria-hidden=\"true\" class=\"wp-block-cover__background has-background-dim-30 has-background-dim\" style=\"background-color:#bfc0c1\"><\/span><div class=\"wp-block-cover__inner-container is-layout-flow wp-block-cover-is-layout-flow\">\n<div class=\"wp-block-columns alignwide mx-md-5 px-md-5 mx-0 is-layout-flex wp-container-core-columns-is-layout-9d6595d7 wp-block-columns-is-layout-flex\">\n<div class=\"wp-block-column is-vertically-aligned-center mx-5 is-layout-flow wp-block-column-is-layout-flow\">\n<h1 class=\"wp-block-heading has-text-align-center mb-0\" style=\"font-size:38px\"><strong>DOCUMENTS A TELECHARGER<\/strong><\/h1>\n<\/div>\n<\/div>\n<\/div><\/div>\n\n\n\n<p class=\"has-medium-font-size\">Vous trouverez ici les divers documents mis \u00e0 votre disposition par l&rsquo;association.<\/p>\n\n\n\n<h3 class=\"wp-block-heading\">D\u00e9couvrir l\u2019Association<\/h3>\n\n\n\n<ul class=\"wp-block-list\">\n<li class=\"has-medium-font-size\"><a href=\"http:\/\/www.adopte-un-rongeur.fr\/IMG\/pdf\/Statuts_AdopteunRongeur.pdf\" target=\"_blank\" rel=\"noreferrer noopener\">Statuts<\/a><\/li>\n<\/ul>\n\n\n\n<h3 class=\"wp-block-heading\">Faire conna\u00eetre l\u2019association<\/h3>\n\n\n\n<ul class=\"wp-block-list\">\n<li class=\"has-medium-font-size\"><a href=\"http:\/\/www.adopte-un-rongeur.fr\/IMG\/pdf\/flyer_2024.pdf\" target=\"_blank\" rel=\"noreferrer noopener\">Brochure Adopte-un-Rongeur<\/a><\/li>\n<\/ul>\n\n\n\n<h3 class=\"wp-block-heading\">Nous rejoindre<\/h3>\n\n\n\n<ul class=\"wp-block-list\">\n<li class=\"has-medium-font-size\"><a href=\"https:\/\/www.helloasso.com\/associations\/adopte-un-rongeur\/\" target=\"_blank\" rel=\"noreferrer noopener\">Adh\u00e9rer <\/a><\/li>\n<\/ul>\n\n\n\n<h3 class=\"wp-block-heading\">Adopter<\/h3>\n\n\n\n<ul class=\"wp-block-list\">\n<li class=\"has-medium-font-size\">Questionnaire d\u2019adoption <a href=\"https:\/\/adopte-un-rongeur.fr\/asso\/questionnaire_adoption.php\">en ligne<\/a> ou (<a href=\"http:\/\/adopte-un-rongeur.fr\/IMG\/docx\/Questionnaire_Adoption_AdopteunRongeur.docx\" target=\"_blank\" rel=\"noreferrer noopener\">word<\/a><sup>1<\/sup>)<\/li>\n\n\n\n<li class=\"has-medium-font-size\"><a href=\"http:\/\/www.adopte-un-rongeur.fr\/IMG\/pdf\/Contrat_Adoption_AdopteunRongeur.pdf\" target=\"_blank\" rel=\"noreferrer noopener\">Contrat d\u2019adoption<\/a> (pour information)<\/li>\n<\/ul>\n\n\n\n<h3 class=\"wp-block-heading\">Devenir Famille d\u2019Accueil<\/h3>\n\n\n\n<ul class=\"wp-block-list\">\n<li class=\"has-medium-font-size\">Nous contacter : contact@adopte-un-rongeur.fr<\/li>\n<\/ul>\n\n\n\n<p><sup>1<\/sup> remplir le document word et le renvoyer par mail ou imprimer le pdf et le remplir \u00e0 la main les documents peuvent \u00eatre scann\u00e9s et renvoy\u00e9s par mail ou bien envoy\u00e9s par courrier.<\/p>\n","protected":false},"excerpt":{"rendered":"<p>Vous trouverez ici les divers documents mis \u00e0 votre disposition par l&rsquo;association. D\u00e9couvrir l\u2019Association Faire conna\u00eetre l\u2019association Nous rejoindre Adopter Devenir Famille d\u2019Accueil 1 remplir le document word et le renvoyer par mail ou imprimer le pdf et le remplir \u00e0 la main les documents peuvent \u00eatre scann\u00e9s et renvoy\u00e9s par mail ou bien envoy\u00e9s [&hellip;]<\/p>\n","protected":false},"author":1,"featured_media":0,"parent":6,"menu_order":0,"comment_status":"closed","ping_status":"closed","template":"","meta":{"footnotes":""},"class_list":["post-12","page","type-page","status-publish","hentry"],"_links":{"self":[{"href":"http:\/\/www.adopte-un-rongeur.fr\/asso\/wp-json\/wp\/v2\/pages\/12","targetHints":{"allow":["GET"]}}],"collection":[{"href":"http:\/\/www.adopte-un-rongeur.fr\/asso\/wp-json\/wp\/v2\/pages"}],"about":[{"href":"http:\/\/www.adopte-un-rongeur.fr\/asso\/wp-json\/wp\/v2\/types\/page"}],"author":[{"embeddable":true,"href":"http:\/\/www.adopte-un-rongeur.fr\/asso\/wp-json\/wp\/v2\/users\/1"}],"replies":[{"embeddable":true,"href":"http:\/\/www.adopte-un-rongeur.fr\/asso\/wp-json\/wp\/v2\/comments?post=12"}],"version-history":[{"count":28,"href":"http:\/\/www.adopte-un-rongeur.fr\/asso\/wp-json\/wp\/v2\/pages\/12\/revisions"}],"predecessor-version":[{"id":2449,"href":"http:\/\/www.adopte-un-rongeur.fr\/asso\/wp-json\/wp\/v2\/pages\/12\/revisions\/2449"}],"up":[{"embeddable":true,"href":"http:\/\/www.adopte-un-rongeur.fr\/asso\/wp-json\/wp\/v2\/pages\/6"}],"wp:attachment":[{"href":"http:\/\/www.adopte-un-rongeur.fr\/asso\/wp-json\/wp\/v2\/media?parent=12"}],"curies":[{"name":"wp","href":"https:\/\/api.w.org\/{rel}","templated":true}]}}